{"id":278,"date":"2025-01-16T15:13:37","date_gmt":"2025-01-16T15:13:37","guid":{"rendered":"http:\/\/localhost\/nightmare\/?page_id=278"},"modified":"2025-03-05T16:31:54","modified_gmt":"2025-03-05T16:31:54","slug":"geschaftspolitik","status":"publish","type":"page","link":"https:\/\/www.nightmare.video\/de\/geschaftspolitik\/","title":{"rendered":"Shop-Richtlinien \/ Allgemeine Gesch\u00e4ftsbedingungen"},"content":{"rendered":"<p><i>Zuletzt aktualisiert: Januar 25, 2021<\/i><\/p>\n<p>&nbsp;<\/p>\n<p>Indem Sie eine Bestellung auf dieser Website oder per E-Mail aufgeben, erkl\u00e4ren Sie (der Kunde, der die Bestellung aufgibt, im Folgenden \u201cKunde\u201d genannt) sich mit den nachstehend beschriebenen Richtlinien unseres Gesch\u00e4fts einverstanden. Mit der Aufgabe einer Bestellung erkl\u00e4rt sich der Kunde bereit, diese Richtlinien vollst\u00e4ndig und freiwillig ohne Einw\u00e4nde zu befolgen.<\/p>\n<p>&nbsp;<\/p>\n<p>&nbsp;<\/p>\n<h4>1. Datenschutz\/Verwendung Ihrer pers\u00f6nlichen Daten<\/h4>\n<p>Die pers\u00f6nlichen Daten des Kunden d\u00fcrfen nur f\u00fcr folgende Zwecke verwendet werden:<\/p>\n<ul>\n<li>Bearbeitung der Zahlung<\/li>\n<li>Abwicklung der Auftragsabwicklung (Versand)<\/li>\n<li>Kundendienst und Unterst\u00fctzung<\/li>\n<li>Durchsetzung und Einhaltung dieser Politik<\/li>\n<li>Erf\u00fcllen eines Ersuchens der Strafverfolgungsbeh\u00f6rden<\/li>\n<\/ul>\n<p>Pers\u00f6nliche Informationen k\u00f6nnen unter anderem sein:<\/p>\n<ul>\n<li>E-Mail Adresse<\/li>\n<li>Vollst\u00e4ndiger Name<\/li>\n<li>Liefer- und Rechnungsadresse, Bundesland\/Provinz\/Verwaltungsregion, Postleitzahl, Stadt oder Gemeinde und Land.<\/li>\n<li>Nutzungsdaten, wie z. B. Google Analytics und Cookies, die Ihr Einkaufserlebnis erm\u00f6glichen, aber nicht darauf beschr\u00e4nkt sind<\/li>\n<\/ul>\n<p>&nbsp;<\/p>\n<h4>2. Stornierungen, Erstattungen und Ersatzleistungen<\/h4>\n<h6>Stornierungen und Erstattungen<\/h6>\n<p>Bestellungen k\u00f6nnen nur vor der Auslieferung storniert werden. Es werden nur teilweise R\u00fcckerstattungen gew\u00e4hrt, <span style=\"color: #7030a0;\"><b>mit der Zahlung Bearbeitungsgeb\u00fchr von 3% der Auftragssumme einbehalten<\/b><\/span>. Dies liegt daran, dass unser Zahlungsabwicklungsunternehmen eine nicht erstattungsf\u00e4hige Geb\u00fchr von 3% auf alle Bestellungen erhebt.<\/p>\n<p>&nbsp;<\/p>\n<p>Wegen des Risikos der Produktpiraterie, <span style=\"color: #7030a0;\"><b>Bestellungen, die bereits versandt wurden, k\u00f6nnen NICHT storniert oder erstattet werden. WIR SIND NICHT VERANTWORTLICH F\u00dcR BESCHLAGNAHMUNGEN DURCH DEN ZOLL ODER IHRE \u00d6RTLICHEN STRAFVERFOLGUNGSBEH\u00d6RDEN.<\/b><\/span>, aber Sie k\u00f6nnen uns kontaktieren <span style=\"color: #7030a0;\"><b>VOR DER BESTELLUNG<\/b><\/span> wenn Sie bef\u00fcrchten, dass dies der Fall sein k\u00f6nnte und zus\u00e4tzliche Diskretion ben\u00f6tigen.<\/p>\n<p>DIGITALE UND VIRTUELLE PRODUKTE K\u00d6NNEN NICHT ZUR\u00dcCKERSTATTET WERDEN. ALLE VERK\u00c4UFE VON DIGITALEN PRODUKTEN SIND ENDG\u00dcLTIG.<\/p>\n<p>&nbsp;<\/p>\n<h6>Ersetzungspolitik<\/h6>\n<p>Falls ein Artikel w\u00e4hrend des Transports besch\u00e4digt wird oder einen Defekt aufweist und der Kunde den Nachweis erbringen kann, dass der Artikel defekt ist, kann der Kunde einen einmaligen Ersatz desselben Produkts ohne zus\u00e4tzliche Kosten anfordern. Der Ersatzartikel wird mit einer zus\u00e4tzlichen Verpackung versandt, um eine ordnungsgem\u00e4\u00dfe Lieferung zu gew\u00e4hrleisten. Sollte der Kunde mit dem Ersatz oder der Ersatzlieferung nicht zufrieden sein, beh\u00e4lt sich der Verk\u00e4ufer das Recht vor, die am besten geeignete Ma\u00dfnahme, L\u00f6sung oder Behebung zu bestimmen, wenn \u00fcberhaupt.<\/p>\n<p>&nbsp;<\/p>\n<p>&nbsp;<\/p>\n<h4>3. Entsch\u00e4digung und Haftungsverzicht<\/h4>\n<p>Die Bilder, Videos, Texte, Multimediadateien und alle anderen Inhalte, die in den Produkten enthalten sind, sind das alleinige geistige Eigentum des jeweiligen Rechteinhabers. Mit der Bestellung oder dem Kauf eines Produkts ist der Kunde nur berechtigt, die Produkte f\u00fcr den pers\u00f6nlichen, privaten Gebrauch zu konsumieren und zu nutzen. Der Kunde hat keinen Anspruch auf eine zus\u00e4tzliche Lizenz, einen kommerziellen Zweck, eine \u00f6ffentliche Darstellung, eine nicht autorisierte Nutzung oder eine andere Nutzung, die nicht vom Urheberrechtsinhaber genehmigt wurde.<\/p>\n<p>&nbsp;<\/p>\n<p>Der Kunde erkl\u00e4rt sich damit einverstanden, dass der Urheberrechtsinhaber das uneingeschr\u00e4nkte Recht hat, Verst\u00f6\u00dfe gegen sein geistiges Eigentum zu untersuchen und rechtliche Schritte gegen Einzelpersonen, Unternehmen, Gruppen oder Einrichtungen einzuleiten, die derartige Verst\u00f6\u00dfe begangen haben oder begehen k\u00f6nnten. Der Kunde erkl\u00e4rt sich damit einverstanden, dass der Verk\u00e4ufer, der Betreiber dieser Website und der Urheberrechtsinhaber nicht f\u00fcr Strafma\u00dfnahmen oder rechtliche Schritte gegen den Kunden verantwortlich sind, die sich aus der Verletzung des geistigen Eigentums des Urheberrechtsinhabers durch den Kunden ergeben, wozu unter anderem zivil- oder strafrechtliche Ma\u00dfnahmen, Inhaftierung, finanzielle Verluste, k\u00f6rperliche Sch\u00e4den, Tod, zivil- oder strafrechtliche Strafen, Geldbu\u00dfen oder andere Strafen geh\u00f6ren k\u00f6nnen.<\/p>\n<p>&nbsp;<\/p>\n<p>Dar\u00fcber hinaus wird der Kunde auf eigene Kosten den Verk\u00e4ufer, den Urheberrechtsinhaber, den Betreiber dieser Website, die Dienstanbieter sowie die Auftragnehmer, Mitarbeiter, Direktoren, leitenden Angestellten, Vertreter, Agenten und verbundenen Unternehmen des Verk\u00e4ufers, des Urheberrechtsinhabers und des Betreibers dieser Website von allen Anspr\u00fcchen, Klagen, Prozessen oder sonstigen Verfahren freistellen, die gegen den Verk\u00e4ufer, den Urheberrechtsinhaber, den Betreiber dieser Website oder deren Dienstanbieter aufgrund von Anspr\u00fcchen oder angeblichen Anspr\u00fcchen im Rahmen dieser Vereinbarung erhoben werden, einschlie\u00dflich und ohne Einschr\u00e4nkung:<\/p>\n<p>&nbsp;<\/p>\n<p>(1) Verletzung von geistigem Eigentum oder anderen Eigentumsrechten einer nat\u00fcrlichen oder juristischen Person durch den Kunden oder eine andere Person, die das Produkt mit dem Computer des Kunden oder in dessen Haushalt benutzt<\/p>\n<p>&nbsp;<\/p>\n<p>(2) die sich aus einer Verletzung dieses Vertrags durch den Kunden ergeben.<\/p>\n<p>&nbsp;<\/p>\n<p>(3) die sich auf eine Bestellung oder die Nutzung einer Bestellung beziehen oder daraus entstehen<\/p>\n<p>&nbsp;<\/p>\n<p>(4) im Zusammenhang mit Handlungen des Verk\u00e4ufers, des Inhabers des Urheberrechts, des Betreibers dieser Website oder deren Dienstanbietern, wie in dieser Vereinbarung vorgesehen<\/p>\n<p>&nbsp;<\/p>\n<p>(5) in Bezug auf Handlungen des Verk\u00e4ufers, des Urheberrechtsinhabers, des Betreibers dieser Website oder ihrer Dienstleister, die im Namen des Kunden wie in diesem Vertrag beschrieben durchgef\u00fchrt werden<\/p>\n<p>&nbsp;<\/p>\n<p>(6) Der Kunde tr\u00e4gt alle Kosten, Sch\u00e4den und Auslagen, einschlie\u00dflich, aber nicht beschr\u00e4nkt auf tats\u00e4chliche Anwaltsgeb\u00fchren und Kosten, die dem Verk\u00e4ufer, dem Urheberrechtsinhaber, dem Betreiber dieser Website oder deren Dienstleistern in Verbindung mit oder aufgrund eines solchen entsch\u00e4digungspflichtigen Anspruchs, Prozesses, einer Klage oder eines Verfahrens entstehen.<\/p>\n<p>&nbsp;<\/p>","protected":false},"excerpt":{"rendered":"<p>Zuletzt aktualisiert: 25. Januar 2021 Indem Sie eine Bestellung auf dieser Website oder per E-Mail aufgeben, erkl\u00e4ren Sie (der Kunde, der die Bestellung aufgibt, im Folgenden \u201cKunde\u201d genannt) sich mit den nachstehend beschriebenen Richtlinien unseres Gesch\u00e4fts einverstanden. Mit der Aufgabe einer Bestellung erkl\u00e4rt sich der Kunde bereit, diese Richtlinien vollst\u00e4ndig und freiwillig zu befolgen, ohne sie zu beanstanden.   [...]<\/p>","protected":false},"author":1,"featured_media":0,"parent":0,"menu_order":0,"comment_status":"closed","ping_status":"closed","template":"privacy-notice.php","meta":{"_acf_changed":false,"inline_featured_image":false,"footnotes":""},"class_list":["post-278","page","type-page","status-publish","hentry"],"acf":[],"_links":{"self":[{"href":"https:\/\/www.nightmare.video\/de\/wp-json\/wp\/v2\/pages\/278","targetHints":{"allow":["GET"]}}],"collection":[{"href":"https:\/\/www.nightmare.video\/de\/wp-json\/wp\/v2\/pages"}],"about":[{"href":"https:\/\/www.nightmare.video\/de\/wp-json\/wp\/v2\/types\/page"}],"author":[{"embeddable":true,"href":"https:\/\/www.nightmare.video\/de\/wp-json\/wp\/v2\/users\/1"}],"replies":[{"embeddable":true,"href":"https:\/\/www.nightmare.video\/de\/wp-json\/wp\/v2\/comments?post=278"}],"version-history":[{"count":18,"href":"https:\/\/www.nightmare.video\/de\/wp-json\/wp\/v2\/pages\/278\/revisions"}],"predecessor-version":[{"id":456,"href":"https:\/\/www.nightmare.video\/de\/wp-json\/wp\/v2\/pages\/278\/revisions\/456"}],"wp:attachment":[{"href":"https:\/\/www.nightmare.video\/de\/wp-json\/wp\/v2\/media?parent=278"}],"curies":[{"name":"wp","href":"https:\/\/api.w.org\/{rel}","templated":true}]}}