{"id":425,"date":"2025-03-05T00:45:41","date_gmt":"2025-03-05T00:45:41","guid":{"rendered":"https:\/\/www.nightmare.video\/?post_type=product&#038;p=425"},"modified":"2025-04-05T20:34:33","modified_gmt":"2025-04-06T00:34:33","slug":"abschied-vom-heiligen-prig","status":"publish","type":"product","link":"https:\/\/www.nightmare.video\/de\/product\/abschied-vom-heiligen-prig\/","title":{"rendered":"Abschied vom Heiligen Prig"},"content":{"rendered":"","protected":false},"excerpt":{"rendered":"<p>Eine sch\u00f6ne Frau wacht in einem mysteri\u00f6sen, dunklen Reich auf. Ohne zu wissen, wie sie dorthin gelangt ist, muss sie sich der F\u00fchrung einer seltsamen d\u00e4monischen Gestalt anvertrauen, die ihr verspricht, ihre Tr\u00e4ume zu erf\u00fcllen - aber nur, wenn sie bereit ist, die bizarrsten und abartigsten Handlungen auszuf\u00fchren.<\/p>","protected":false},"featured_media":431,"template":"","meta":{"_acf_changed":false,"inline_featured_image":false},"product_brand":[],"product_cat":[26,28,25],"product_tag":[40],"class_list":{"0":"post-425","1":"product","2":"type-product","3":"status-publish","4":"has-post-thumbnail","6":"product_cat-pissing","7":"product_cat-piss-drinking","8":"product_cat-pooping","9":"product_tag-solo-piss-pooping","11":"first","12":"instock","13":"shipping-taxable","14":"product-type-grouped"},"acf":[],"_links":{"self":[{"href":"https:\/\/www.nightmare.video\/de\/wp-json\/wp\/v2\/product\/425","targetHints":{"allow":["GET"]}}],"collection":[{"href":"https:\/\/www.nightmare.video\/de\/wp-json\/wp\/v2\/product"}],"about":[{"href":"https:\/\/www.nightmare.video\/de\/wp-json\/wp\/v2\/types\/product"}],"wp:featuredmedia":[{"embeddable":true,"href":"https:\/\/www.nightmare.video\/de\/wp-json\/wp\/v2\/media\/431"}],"wp:attachment":[{"href":"https:\/\/www.nightmare.video\/de\/wp-json\/wp\/v2\/media?parent=425"}],"wp:term":[{"taxonomy":"product_brand","embeddable":true,"href":"https:\/\/www.nightmare.video\/de\/wp-json\/wp\/v2\/product_brand?post=425"},{"taxonomy":"product_cat","embeddable":true,"href":"https:\/\/www.nightmare.video\/de\/wp-json\/wp\/v2\/product_cat?post=425"},{"taxonomy":"product_tag","embeddable":true,"href":"https:\/\/www.nightmare.video\/de\/wp-json\/wp\/v2\/product_tag?post=425"}],"curies":[{"name":"wp","href":"https:\/\/api.w.org\/{rel}","templated":true}]}}