{"id":433,"date":"2025-03-05T02:01:42","date_gmt":"2025-03-05T02:01:42","guid":{"rendered":"https:\/\/www.nightmare.video\/?post_type=product&#038;p=433"},"modified":"2025-04-05T20:34:16","modified_gmt":"2025-04-06T00:34:16","slug":"der-nonne-nicht-gehorchen","status":"publish","type":"product","link":"https:\/\/www.nightmare.video\/de\/product\/der-nonne-nicht-gehorchen\/","title":{"rendered":"Der Nonne nicht gehorchen"},"content":{"rendered":"","protected":false},"excerpt":{"rendered":"<p>Nach dem Tod des Oberpriesters wird die geheimnisvolle Frau von einer verr\u00e4terischen Nonne gefangen gehalten, die \u00fcber ihr Schicksal im Reich entscheiden wird. Unter der Anleitung ihres neuen d\u00e4monischen Freundes widersetzt sich die Frau den Befehlen der Nonne, indem sie ihre eigenen extremen sexuellen Fantasien auslebt.<\/p>","protected":false},"featured_media":434,"template":"","meta":{"_acf_changed":false,"inline_featured_image":false},"product_brand":[],"product_cat":[28,27,25],"product_tag":[39],"class_list":{"0":"post-433","1":"product","2":"type-product","3":"status-publish","4":"has-post-thumbnail","6":"product_cat-piss-drinking","7":"product_cat-scat-play","8":"product_cat-pooping","9":"product_tag-solo-scat-play","11":"first","12":"instock","13":"shipping-taxable","14":"product-type-grouped"},"acf":[],"_links":{"self":[{"href":"https:\/\/www.nightmare.video\/de\/wp-json\/wp\/v2\/product\/433","targetHints":{"allow":["GET"]}}],"collection":[{"href":"https:\/\/www.nightmare.video\/de\/wp-json\/wp\/v2\/product"}],"about":[{"href":"https:\/\/www.nightmare.video\/de\/wp-json\/wp\/v2\/types\/product"}],"wp:featuredmedia":[{"embeddable":true,"href":"https:\/\/www.nightmare.video\/de\/wp-json\/wp\/v2\/media\/434"}],"wp:attachment":[{"href":"https:\/\/www.nightmare.video\/de\/wp-json\/wp\/v2\/media?parent=433"}],"wp:term":[{"taxonomy":"product_brand","embeddable":true,"href":"https:\/\/www.nightmare.video\/de\/wp-json\/wp\/v2\/product_brand?post=433"},{"taxonomy":"product_cat","embeddable":true,"href":"https:\/\/www.nightmare.video\/de\/wp-json\/wp\/v2\/product_cat?post=433"},{"taxonomy":"product_tag","embeddable":true,"href":"https:\/\/www.nightmare.video\/de\/wp-json\/wp\/v2\/product_tag?post=433"}],"curies":[{"name":"wp","href":"https:\/\/api.w.org\/{rel}","templated":true}]}}