{"id":452,"date":"2025-03-05T15:24:56","date_gmt":"2025-03-05T15:24:56","guid":{"rendered":"https:\/\/www.nightmare.video\/?post_type=product&#038;p=452"},"modified":"2025-04-12T16:25:01","modified_gmt":"2025-04-12T20:25:01","slug":"scat-bistro","status":"publish","type":"product","link":"https:\/\/www.nightmare.video\/de\/product\/scat-bistro\/","title":{"rendered":"Scat Bistro"},"content":{"rendered":"","protected":false},"excerpt":{"rendered":"<p>Es gibt ein neues Restaurant in der Nachbarschaft, das eine ganz besondere Erfahrung bietet! Ein neuer Kunde kommt, um die Spezialit\u00e4t des K\u00fcchenchefs zu probieren, einen Magen voller Schei\u00dfe! Features Scat schlucken \/ Schei\u00dfe essen, Scat Sex, und mehr!<\/p>","protected":false},"featured_media":453,"template":"","meta":{"_acf_changed":false,"inline_featured_image":false},"product_brand":[],"product_cat":[34,29,27,25,33],"product_tag":[36],"class_list":{"0":"post-452","1":"product","2":"type-product","3":"status-publish","4":"has-post-thumbnail","6":"product_cat-scat-swallowing","7":"product_cat-scat-sex","8":"product_cat-scat-play","9":"product_cat-pooping","10":"product_cat-shit-eating","11":"product_tag-scat-swallowing","13":"first","14":"instock","15":"shipping-taxable","16":"product-type-grouped"},"acf":[],"_links":{"self":[{"href":"https:\/\/www.nightmare.video\/de\/wp-json\/wp\/v2\/product\/452","targetHints":{"allow":["GET"]}}],"collection":[{"href":"https:\/\/www.nightmare.video\/de\/wp-json\/wp\/v2\/product"}],"about":[{"href":"https:\/\/www.nightmare.video\/de\/wp-json\/wp\/v2\/types\/product"}],"wp:featuredmedia":[{"embeddable":true,"href":"https:\/\/www.nightmare.video\/de\/wp-json\/wp\/v2\/media\/453"}],"wp:attachment":[{"href":"https:\/\/www.nightmare.video\/de\/wp-json\/wp\/v2\/media?parent=452"}],"wp:term":[{"taxonomy":"product_brand","embeddable":true,"href":"https:\/\/www.nightmare.video\/de\/wp-json\/wp\/v2\/product_brand?post=452"},{"taxonomy":"product_cat","embeddable":true,"href":"https:\/\/www.nightmare.video\/de\/wp-json\/wp\/v2\/product_cat?post=452"},{"taxonomy":"product_tag","embeddable":true,"href":"https:\/\/www.nightmare.video\/de\/wp-json\/wp\/v2\/product_tag?post=452"}],"curies":[{"name":"wp","href":"https:\/\/api.w.org\/{rel}","templated":true}]}}