{"id":433,"date":"2025-03-05T02:01:42","date_gmt":"2025-03-05T02:01:42","guid":{"rendered":"https:\/\/www.nightmare.video\/?post_type=product&#038;p=433"},"modified":"2025-04-05T20:34:16","modified_gmt":"2025-04-06T00:34:16","slug":"desobedecer-a-la-monja","status":"publish","type":"product","link":"https:\/\/www.nightmare.video\/es\/product\/desobedecer-a-la-monja\/","title":{"rendered":"Desobedecer a la monja"},"content":{"rendered":"","protected":false},"excerpt":{"rendered":"<p>Tras la muerte del sacerdote principal, la misteriosa mujer es encarcelada por una monja traidora, que decidir\u00e1 su destino en el reino. Con la gu\u00eda de su nueva amiga demon\u00edaca, la mujer desaf\u00eda las \u00f3rdenes de la monja cumpliendo sus propias fantas\u00edas sexuales extremas.<\/p>","protected":false},"featured_media":434,"template":"","meta":{"_acf_changed":false,"inline_featured_image":false},"product_brand":[],"product_cat":[28,27,25],"product_tag":[39],"class_list":{"0":"post-433","1":"product","2":"type-product","3":"status-publish","4":"has-post-thumbnail","6":"product_cat-piss-drinking","7":"product_cat-scat-play","8":"product_cat-pooping","9":"product_tag-solo-scat-play","11":"first","12":"instock","13":"shipping-taxable","14":"product-type-grouped"},"acf":[],"_links":{"self":[{"href":"https:\/\/www.nightmare.video\/es\/wp-json\/wp\/v2\/product\/433","targetHints":{"allow":["GET"]}}],"collection":[{"href":"https:\/\/www.nightmare.video\/es\/wp-json\/wp\/v2\/product"}],"about":[{"href":"https:\/\/www.nightmare.video\/es\/wp-json\/wp\/v2\/types\/product"}],"wp:featuredmedia":[{"embeddable":true,"href":"https:\/\/www.nightmare.video\/es\/wp-json\/wp\/v2\/media\/434"}],"wp:attachment":[{"href":"https:\/\/www.nightmare.video\/es\/wp-json\/wp\/v2\/media?parent=433"}],"wp:term":[{"taxonomy":"product_brand","embeddable":true,"href":"https:\/\/www.nightmare.video\/es\/wp-json\/wp\/v2\/product_brand?post=433"},{"taxonomy":"product_cat","embeddable":true,"href":"https:\/\/www.nightmare.video\/es\/wp-json\/wp\/v2\/product_cat?post=433"},{"taxonomy":"product_tag","embeddable":true,"href":"https:\/\/www.nightmare.video\/es\/wp-json\/wp\/v2\/product_tag?post=433"}],"curies":[{"name":"wp","href":"https:\/\/api.w.org\/{rel}","templated":true}]}}