{"id":439,"date":"2025-03-05T02:13:31","date_gmt":"2025-03-05T02:13:31","guid":{"rendered":"https:\/\/www.nightmare.video\/?post_type=product&#038;p=439"},"modified":"2025-03-06T18:35:16","modified_gmt":"2025-03-06T18:35:16","slug":"en-la-mierda","status":"publish","type":"product","link":"https:\/\/www.nightmare.video\/es\/product\/en-la-mierda\/","title":{"rendered":"En la mierda"},"content":{"rendered":"","protected":false},"excerpt":{"rendered":"<p>Nuestro amigo est\u00e1 metido en un buen l\u00edo. Pero primero, se despedir\u00e1 de su novia, y una noche de pasi\u00f3n sucia sobreviene. Un mont\u00f3n de mierda scat, un enema de leche, mear beber, y un poco de mierda tragar tambi\u00e9n.<\/p>","protected":false},"featured_media":440,"template":"","meta":{"_acf_changed":false,"inline_featured_image":false},"product_brand":[],"product_cat":[34,26,28,29,27,25,33],"product_tag":[37],"class_list":{"0":"post-439","1":"product","2":"type-product","3":"status-publish","4":"has-post-thumbnail","6":"product_cat-scat-swallowing","7":"product_cat-pissing","8":"product_cat-piss-drinking","9":"product_cat-scat-sex","10":"product_cat-scat-play","11":"product_cat-pooping","12":"product_cat-shit-eating","13":"product_tag-shit-eating-scat-sex","15":"first","16":"instock","17":"shipping-taxable","18":"product-type-grouped"},"acf":[],"_links":{"self":[{"href":"https:\/\/www.nightmare.video\/es\/wp-json\/wp\/v2\/product\/439","targetHints":{"allow":["GET"]}}],"collection":[{"href":"https:\/\/www.nightmare.video\/es\/wp-json\/wp\/v2\/product"}],"about":[{"href":"https:\/\/www.nightmare.video\/es\/wp-json\/wp\/v2\/types\/product"}],"wp:featuredmedia":[{"embeddable":true,"href":"https:\/\/www.nightmare.video\/es\/wp-json\/wp\/v2\/media\/440"}],"wp:attachment":[{"href":"https:\/\/www.nightmare.video\/es\/wp-json\/wp\/v2\/media?parent=439"}],"wp:term":[{"taxonomy":"product_brand","embeddable":true,"href":"https:\/\/www.nightmare.video\/es\/wp-json\/wp\/v2\/product_brand?post=439"},{"taxonomy":"product_cat","embeddable":true,"href":"https:\/\/www.nightmare.video\/es\/wp-json\/wp\/v2\/product_cat?post=439"},{"taxonomy":"product_tag","embeddable":true,"href":"https:\/\/www.nightmare.video\/es\/wp-json\/wp\/v2\/product_tag?post=439"}],"curies":[{"name":"wp","href":"https:\/\/api.w.org\/{rel}","templated":true}]}}