{"id":278,"date":"2025-01-16T15:13:37","date_gmt":"2025-01-16T15:13:37","guid":{"rendered":"http:\/\/localhost\/nightmare\/?page_id=278"},"modified":"2025-03-05T16:31:54","modified_gmt":"2025-03-05T16:31:54","slug":"politiques-des-magasins","status":"publish","type":"page","link":"https:\/\/www.nightmare.video\/fr\/politiques-des-magasins\/","title":{"rendered":"Politiques de la boutique \/ Conditions g\u00e9n\u00e9rales"},"content":{"rendered":"<p><i>Derni\u00e8re mise \u00e0 jour : 25 janvier 2021<\/i><\/p>\n<p>&nbsp;<\/p>\n<p>En passant une commande, que ce soit sur ce site web ou par courrier \u00e9lectronique, vous (le client qui passe la commande, ci-apr\u00e8s d\u00e9nomm\u00e9 \u201cle client\u201d), acceptez les politiques de notre magasin d\u00e9crites ci-dessous. En passant une commande, le client accepte de se conformer enti\u00e8rement et volontairement \u00e0 cette politique sans objection.<\/p>\n<p>&nbsp;<\/p>\n<p>&nbsp;<\/p>\n<h4>1. Confidentialit\u00e9 \/ Utilisation de vos donn\u00e9es personnelles<\/h4>\n<p>Les informations personnelles du client ne seront utilis\u00e9es qu'aux fins suivantes :<\/p>\n<ul>\n<li>Traitement des paiements<\/li>\n<li>Traitement des commandes (exp\u00e9dition)<\/li>\n<li>Service \u00e0 la client\u00e8le et assistance<\/li>\n<li>Application et respect de ces politiques<\/li>\n<li>R\u00e9pondre \u00e0 une demande des forces de l'ordre<\/li>\n<\/ul>\n<p>Les informations personnelles peuvent inclure, mais ne sont pas limit\u00e9es \u00e0 :<\/p>\n<ul>\n<li>Adresse \u00e9lectronique<\/li>\n<li>Nom complet<\/li>\n<li>Adresse de livraison et de facturation, \u00c9tat\/province\/r\u00e9gion administrative, code postal, ville ou municipalit\u00e9 locale, et pays.<\/li>\n<li>Donn\u00e9es d'utilisation, telles que, mais sans s'y limiter, Google Analytics et les cookies qui facilitent votre exp\u00e9rience d'achat.<\/li>\n<\/ul>\n<p>&nbsp;<\/p>\n<h4>2. Annulations, remboursements et remplacements<\/h4>\n<h6>Annulations et remboursements<\/h6>\n<p>Les commandes ne peuvent \u00eatre annul\u00e9es qu'avant leur exp\u00e9dition. Seuls des remboursements partiels seront effectu\u00e9s, <span style=\"color: #7030a0;\"><b>les frais de traitement du paiement s'\u00e9levant \u00e0 3% du montant total de la commande sont retenus<\/b><\/span>. Ceci est d\u00fb au fait que notre soci\u00e9t\u00e9 de traitement des paiements pr\u00e9l\u00e8ve des frais non remboursables de 3% sur toutes les commandes.<\/p>\n<p>&nbsp;<\/p>\n<p>En raison du risque de piratage, <span style=\"color: #7030a0;\"><b>les commandes qui ont d\u00e9j\u00e0 \u00e9t\u00e9 exp\u00e9di\u00e9es ne peuvent PAS \u00eatre annul\u00e9es ou rembours\u00e9es. NOUS NE SOMMES PAS RESPONSABLES DES SAISIES EFFECTU\u00c9ES PAR LES DOUANES OU LES FORCES DE L'ORDRE LOCALES.<\/b><\/span>, mais vous pouvez nous contacter <span style=\"color: #7030a0;\"><b>AVANT DE PASSER COMMANDE<\/b><\/span> si vous craignez que cela soit possible et que vous avez besoin de plus de discr\u00e9tion.<\/p>\n<p>LES PRODUITS NUM\u00c9RIQUES ET VIRTUELS NE PEUVENT FAIRE L'OBJET D'UN REMBOURSEMENT. TOUTES LES VENTES DE PRODUITS NUM\u00c9RIQUES SONT D\u00c9FINITIVES.<\/p>\n<p>&nbsp;<\/p>\n<h6>Politique de remplacement<\/h6>\n<p>Si un article est endommag\u00e9 pendant le transport ou s'il est d\u00e9fectueux par nature, et si le client peut fournir la preuve que l'article est d\u00e9fectueux, il peut demander un remplacement unique du m\u00eame produit sans frais suppl\u00e9mentaires. Le produit de remplacement sera exp\u00e9di\u00e9 avec un emballage suppl\u00e9mentaire pour garantir une livraison correcte. Si le client n'est pas satisfait de la politique de remplacement ou de substitution, le vendeur se r\u00e9serve le droit absolu de d\u00e9terminer l'action, la solution ou la r\u00e9solution la plus appropri\u00e9e, le cas \u00e9ch\u00e9ant.<\/p>\n<p>&nbsp;<\/p>\n<p>&nbsp;<\/p>\n<h4>3. Indemnisation et renonciation \u00e0 la responsabilit\u00e9<\/h4>\n<p>Les images, les vid\u00e9os, les textes, les multim\u00e9dias et tout autre contenu des produits sont la propri\u00e9t\u00e9 intellectuelle exclusive du d\u00e9tenteur respectif des droits d'auteur. En passant une commande ou en achetant un produit, le client n'a le droit de consommer et d'utiliser les produits qu'\u00e0 des fins personnelles et priv\u00e9es, et il n'a droit \u00e0 aucune licence suppl\u00e9mentaire, \u00e0 aucun but commercial, \u00e0 aucune pr\u00e9sentation publique, \u00e0 aucune utilisation non autoris\u00e9e, ni \u00e0 aucune autre utilisation non accept\u00e9e par le d\u00e9tenteur des droits d'auteur.<\/p>\n<p>&nbsp;<\/p>\n<p>\u00c0 ce titre, le client accepte que le d\u00e9tenteur des droits d'auteur ait le plein droit d'enqu\u00eater sur les violations et les infractions contre sa propri\u00e9t\u00e9 intellectuelle, et qu'il puisse intenter une action en justice contre les individus, les entreprises, les groupes ou les entit\u00e9s dont il est \u00e9tabli qu'ils ont commis de telles violations ou qu'ils sont susceptibles d'avoir commis de telles violations. Le client accepte que le vendeur, l'op\u00e9rateur de ce site web et le d\u00e9tenteur des droits d'auteur ne soient pas responsables de toute action punitive ou l\u00e9gale contre le client r\u00e9sultant de la violation par le client de la propri\u00e9t\u00e9 intellectuelle du d\u00e9tenteur des droits d'auteur, qui peut inclure, mais sans s'y limiter, une action l\u00e9gale civile ou criminelle, une incarc\u00e9ration, des pertes financi\u00e8res, des dommages corporels, la mort, des p\u00e9nalit\u00e9s civiles ou criminelles, des amendes ou d'autres sanctions.<\/p>\n<p>&nbsp;<\/p>\n<p>En outre, le client, \u00e0 ses propres frais, indemnisera, d\u00e9fendra et d\u00e9gagera de toute responsabilit\u00e9 le vendeur, le d\u00e9tenteur des droits d'auteur, l'op\u00e9rateur de ce site web, les fournisseurs de services et les contractants, employ\u00e9s, directeurs, responsables, repr\u00e9sentants, agents et affili\u00e9s du vendeur, du d\u00e9tenteur des droits d'auteur et de l'op\u00e9rateur de ce site web, contre toute r\u00e9clamation, poursuite, action ou autre proc\u00e9dure intent\u00e9e contre le vendeur, le d\u00e9tenteur des droits d'auteur, l'op\u00e9rateur de ce site web ou leurs fournisseurs de services, fond\u00e9e sur ou d\u00e9coulant de toute r\u00e9clamation ou pr\u00e9tendue r\u00e9clamation d\u00e9coulant du pr\u00e9sent accord, y compris, mais sans s'y limiter :<\/p>\n<p>&nbsp;<\/p>\n<p>(1) la violation, par le client ou par une autre personne utilisant le(s) produit(s) avec l'ordinateur du client ou au sein de son foyer, de tout droit de propri\u00e9t\u00e9 intellectuelle ou de tout autre droit de propri\u00e9t\u00e9 d'une personne ou d'une entit\u00e9 quelconque<\/p>\n<p>&nbsp;<\/p>\n<p>(2) r\u00e9sultant d'une violation par le client du pr\u00e9sent accord.<\/p>\n<p>&nbsp;<\/p>\n<p>(3) concernant ou d\u00e9coulant d'une commande ou de l'utilisation d'une commande<\/p>\n<p>&nbsp;<\/p>\n<p>(4) concernant toute action du vendeur, du d\u00e9tenteur des droits d'auteur, de l'op\u00e9rateur de ce site web ou de leurs fournisseurs de services, comme le permet le pr\u00e9sent accord<\/p>\n<p>&nbsp;<\/p>\n<p>(5) concernant toute action du vendeur, du d\u00e9tenteur des droits d'auteur, de l'op\u00e9rateur de ce site web ou de leurs prestataires de services effectu\u00e9e au nom du client comme d\u00e9crit dans le pr\u00e9sent accord<\/p>\n<p>&nbsp;<\/p>\n<p>(6) Le client paiera tous les co\u00fbts, dommages et d\u00e9penses, y compris, mais sans s'y limiter, les frais et honoraires d'avocat r\u00e9els accord\u00e9s au vendeur, au d\u00e9tenteur des droits d'auteur, \u00e0 l'op\u00e9rateur de ce site web ou \u00e0 leurs fournisseurs de services, ou encourus par eux, en rapport avec ou d\u00e9coulant d'une telle r\u00e9clamation, poursuite, action ou proc\u00e9dure indemnisable.<\/p>\n<p>&nbsp;<\/p>","protected":false},"excerpt":{"rendered":"<p>Derni\u00e8re mise \u00e0 jour : 25 janvier 2021 En passant une commande, que ce soit sur ce site web ou par courrier \u00e9lectronique, vous (le client qui passe la commande, ci-apr\u00e8s d\u00e9nomm\u00e9 le \u201cclient\u201d), acceptez les politiques de notre magasin d\u00e9crites ci-dessous. En passant une commande, le client accepte de se conformer enti\u00e8rement et volontairement \u00e0 cette politique sans objection.   [...]<\/p>","protected":false},"author":1,"featured_media":0,"parent":0,"menu_order":0,"comment_status":"closed","ping_status":"closed","template":"privacy-notice.php","meta":{"_acf_changed":false,"inline_featured_image":false,"footnotes":""},"class_list":["post-278","page","type-page","status-publish","hentry"],"acf":[],"_links":{"self":[{"href":"https:\/\/www.nightmare.video\/fr\/wp-json\/wp\/v2\/pages\/278","targetHints":{"allow":["GET"]}}],"collection":[{"href":"https:\/\/www.nightmare.video\/fr\/wp-json\/wp\/v2\/pages"}],"about":[{"href":"https:\/\/www.nightmare.video\/fr\/wp-json\/wp\/v2\/types\/page"}],"author":[{"embeddable":true,"href":"https:\/\/www.nightmare.video\/fr\/wp-json\/wp\/v2\/users\/1"}],"replies":[{"embeddable":true,"href":"https:\/\/www.nightmare.video\/fr\/wp-json\/wp\/v2\/comments?post=278"}],"version-history":[{"count":18,"href":"https:\/\/www.nightmare.video\/fr\/wp-json\/wp\/v2\/pages\/278\/revisions"}],"predecessor-version":[{"id":456,"href":"https:\/\/www.nightmare.video\/fr\/wp-json\/wp\/v2\/pages\/278\/revisions\/456"}],"wp:attachment":[{"href":"https:\/\/www.nightmare.video\/fr\/wp-json\/wp\/v2\/media?parent=278"}],"curies":[{"name":"wp","href":"https:\/\/api.w.org\/{rel}","templated":true}]}}