{"id":433,"date":"2025-03-05T02:01:42","date_gmt":"2025-03-05T02:01:42","guid":{"rendered":"https:\/\/www.nightmare.video\/?post_type=product&#038;p=433"},"modified":"2025-04-05T20:34:16","modified_gmt":"2025-04-06T00:34:16","slug":"desobeir-a-la-religieuse","status":"publish","type":"product","link":"https:\/\/www.nightmare.video\/fr\/produit\/desobeir-a-la-religieuse\/","title":{"rendered":"D\u00e9sob\u00e9ir \u00e0 la religieuse"},"content":{"rendered":"","protected":false},"excerpt":{"rendered":"<p>Apr\u00e8s la mort du pr\u00eatre en chef, la myst\u00e9rieuse femme est emprisonn\u00e9e par une nonne perfide, qui d\u00e9cidera de son sort dans le royaume. Guid\u00e9e par son nouvel ami d\u00e9moniaque, la femme d\u00e9fie les ordres de la religieuse en r\u00e9alisant ses propres fantasmes sexuels extr\u00eames.<\/p>","protected":false},"featured_media":434,"template":"","meta":{"_acf_changed":false,"inline_featured_image":false},"product_brand":[],"product_cat":[28,27,25],"product_tag":[39],"class_list":{"0":"post-433","1":"product","2":"type-product","3":"status-publish","4":"has-post-thumbnail","6":"product_cat-piss-drinking","7":"product_cat-scat-play","8":"product_cat-pooping","9":"product_tag-solo-scat-play","11":"first","12":"instock","13":"shipping-taxable","14":"product-type-grouped"},"acf":[],"_links":{"self":[{"href":"https:\/\/www.nightmare.video\/fr\/wp-json\/wp\/v2\/product\/433","targetHints":{"allow":["GET"]}}],"collection":[{"href":"https:\/\/www.nightmare.video\/fr\/wp-json\/wp\/v2\/product"}],"about":[{"href":"https:\/\/www.nightmare.video\/fr\/wp-json\/wp\/v2\/types\/product"}],"wp:featuredmedia":[{"embeddable":true,"href":"https:\/\/www.nightmare.video\/fr\/wp-json\/wp\/v2\/media\/434"}],"wp:attachment":[{"href":"https:\/\/www.nightmare.video\/fr\/wp-json\/wp\/v2\/media?parent=433"}],"wp:term":[{"taxonomy":"product_brand","embeddable":true,"href":"https:\/\/www.nightmare.video\/fr\/wp-json\/wp\/v2\/product_brand?post=433"},{"taxonomy":"product_cat","embeddable":true,"href":"https:\/\/www.nightmare.video\/fr\/wp-json\/wp\/v2\/product_cat?post=433"},{"taxonomy":"product_tag","embeddable":true,"href":"https:\/\/www.nightmare.video\/fr\/wp-json\/wp\/v2\/product_tag?post=433"}],"curies":[{"name":"wp","href":"https:\/\/api.w.org\/{rel}","templated":true}]}}