{"id":278,"date":"2025-01-16T15:13:37","date_gmt":"2025-01-16T15:13:37","guid":{"rendered":"http:\/\/localhost\/nightmare\/?page_id=278"},"modified":"2025-03-05T16:31:54","modified_gmt":"2025-03-05T16:31:54","slug":"politiche-del-negozio","status":"publish","type":"page","link":"https:\/\/www.nightmare.video\/it\/politiche-del-negozio\/","title":{"rendered":"Politiche del negozio \/ Termini e condizioni"},"content":{"rendered":"<p><i>Ultimo aggiornamento: 25 gennaio 2021<\/i><\/p>\n<p>&nbsp;<\/p>\n<p>Effettuando un ordine, sia su questo sito web che via e-mail, il cliente (il cliente che effettua l'ordine, di seguito denominato \u201cCliente\u201d), accetta le politiche del negozio descritte di seguito. Effettuando un ordine, il Cliente accetta di conformarsi completamente e volontariamente a questa politica senza obiezioni.<\/p>\n<p>&nbsp;<\/p>\n<p>&nbsp;<\/p>\n<h4>1. Privacy \/ Utilizzo dei dati personali<\/h4>\n<p>I dati personali del Cliente saranno utilizzati esclusivamente per:<\/p>\n<ul>\n<li>Elaborazione del pagamento<\/li>\n<li>Elaborazione dell'ordine (spedizione)<\/li>\n<li>Servizio clienti e assistenza<\/li>\n<li>Applicazione e conformit\u00e0 di queste politiche<\/li>\n<li>Adempiere a una richiesta delle forze dell'ordine<\/li>\n<\/ul>\n<p>Le informazioni personali possono includere, a titolo esemplificativo ma non esaustivo:<\/p>\n<ul>\n<li>Indirizzo e-mail<\/li>\n<li>Nome e cognome<\/li>\n<li>Indirizzo di spedizione e fatturazione, Stato\/Provincia\/Regione amministrativa, codice postale, citt\u00e0 o comune e Paese.<\/li>\n<li>Dati di utilizzo, quali, a titolo esemplificativo ma non esaustivo, Google Analytics e i cookie che consentono la vostra esperienza di acquisto<\/li>\n<\/ul>\n<p>&nbsp;<\/p>\n<h4>2. Cancellazioni, rimborsi e sostituzioni<\/h4>\n<h6>Cancellazioni e rimborsi<\/h6>\n<p>Gli ordini possono essere annullati solo prima della spedizione. Verranno effettuati solo rimborsi parziali, <span style=\"color: #7030a0;\"><b>con la tassa di elaborazione del pagamento di 3% del totale dell'ordine trattenuto<\/b><\/span>. Ci\u00f2 \u00e8 dovuto al fatto che la nostra societ\u00e0 di elaborazione dei pagamenti applica una commissione non rimborsabile di 3% su tutti gli ordini.<\/p>\n<p>&nbsp;<\/p>\n<p>A causa del rischio di pirateria, <span style=\"color: #7030a0;\"><b>Gli ordini gi\u00e0 spediti NON possono essere cancellati o rimborsati. NON SIAMO RESPONSABILI DI SEQUESTRI DA PARTE DELLA DOGANA O DELLE FORZE DELL'ORDINE LOCALI.<\/b><\/span>, ma potete contattarci <span style=\"color: #7030a0;\"><b>PRIMA DELL'ORDINE<\/b><\/span> se si teme che questa sia una possibilit\u00e0 e si richiede una maggiore discrezione.<\/p>\n<p>I PRODOTTI DIGITALI E VIRTUALI NON SONO RIMBORSABILI. TUTTE LE VENDITE DI PRODOTTI DIGITALI SONO DEFINITIVE.<\/p>\n<p>&nbsp;<\/p>\n<h6>Politica di sostituzione<\/h6>\n<p>Nel caso in cui un articolo sia danneggiato durante la spedizione o sia di natura difettosa, e il Cliente sia in grado di fornire la prova che l'articolo \u00e8 difettoso, il Cliente pu\u00f2 richiedere una singola sostituzione dello stesso prodotto senza alcun costo aggiuntivo. Il prodotto sostitutivo sar\u00e0 spedito con un imballaggio aggiuntivo per garantire una consegna corretta. Nel caso in cui il Cliente non sia soddisfatto della politica di sostituzione, il venditore si riserva il diritto assoluto di determinare l'azione, la soluzione o la risoluzione pi\u00f9 appropriata, se del caso.<\/p>\n<p>&nbsp;<\/p>\n<p>&nbsp;<\/p>\n<h4>3. Indennizzo e rinuncia alla responsabilit\u00e0<\/h4>\n<p>Le immagini, i video, i testi, i contenuti multimediali e tutti gli altri contenuti dei prodotti sono di esclusiva propriet\u00e0 intellettuale del rispettivo titolare del copyright. Effettuando un ordine o acquistando un prodotto, il Cliente ha il diritto di consumare e utilizzare i prodotti solo per uso personale e privato, e non ha diritto ad alcuna licenza aggiuntiva, a scopi commerciali, alla visualizzazione pubblica, all'uso non autorizzato o a qualsiasi altro uso non concordato dal titolare del copyright.<\/p>\n<p>&nbsp;<\/p>\n<p>In quanto tale, il Cliente accetta che il titolare del copyright abbia il pieno diritto di indagare su violazioni e infrazioni alla sua propriet\u00e0 intellettuale e possa intraprendere azioni legali nei confronti di individui, aziende, gruppi o entit\u00e0 che risultino aver commesso tali violazioni o che possano averle commesse. Il Cliente accetta che il venditore, l'operatore di questo sito web e il titolare del copyright non siano responsabili di eventuali azioni punitive o legali contro il Cliente come risultato della violazione della propriet\u00e0 intellettuale del titolare del copyright da parte del Cliente, che possono includere, ma non solo, azioni legali civili o penali, incarcerazione, perdite finanziarie, danni fisici, morte, sanzioni civili o penali, multe o altre punizioni.<\/p>\n<p>&nbsp;<\/p>\n<p>Inoltre, il Cliente, a proprie spese, indennizzer\u00e0, difender\u00e0 e terr\u00e0 indenne il venditore, il titolare del copyright, l'operatore di questo sito web, i fornitori di servizi e gli appaltatori, i dipendenti, i direttori, i funzionari, i rappresentanti, gli agenti e gli affiliati del venditore, del titolare del copyright e dell'operatore di questo sito web da qualsiasi reclamo, azione legale, azione o altro procedimento intentato contro il venditore, il titolare del copyright, l'operatore di questo sito web o i loro fornitori di servizi, basato su o derivante da qualsiasi reclamo o presunto reclamo derivante dal presente Contratto, incluso, senza limitazioni, il caso in cui il Cliente non sia in grado di fornire informazioni sul proprio conto:<\/p>\n<p>&nbsp;<\/p>\n<p>(1) violazione da parte del Cliente, o di qualcun altro che utilizzi il\/i prodotto\/i con il computer del Cliente o all'interno del suo nucleo familiare, di qualsiasi propriet\u00e0 intellettuale o altro diritto di propriet\u00e0 di qualsiasi persona o entit\u00e0<\/p>\n<p>&nbsp;<\/p>\n<p>(2) derivanti da qualsiasi violazione del presente Contratto da parte del Cliente.<\/p>\n<p>&nbsp;<\/p>\n<p>(3) relativi a o derivanti da qualsiasi Ordine o dall'utilizzo di qualsiasi Ordine<\/p>\n<p>&nbsp;<\/p>\n<p>(4) in relazione a qualsiasi azione del venditore, del titolare del copyright, dell'operatore di questo sito web o dei loro fornitori di servizi come consentito dal presente accordo<\/p>\n<p>&nbsp;<\/p>\n<p>(5) in relazione a qualsiasi azione del venditore, del titolare del copyright, dell'operatore di questo sito web o dei loro fornitori di servizi effettuata per conto del Cliente come descritto nel presente Contratto<\/p>\n<p>&nbsp;<\/p>\n<p>(6) Il Cliente pagher\u00e0 tutti i costi, i danni e le spese, incluse, a titolo esemplificativo ma non esaustivo, le spese e gli onorari legali effettivi, che il venditore, il titolare del copyright, l'operatore di questo sito web o i loro fornitori di servizi dovranno sostenere in relazione a o derivanti da qualsiasi rivendicazione, causa, azione o procedimento indennizzabile.<\/p>\n<p>&nbsp;<\/p>","protected":false},"excerpt":{"rendered":"<p>Ultimo aggiornamento: 25 gennaio 2021 Effettuando un ordine, sia su questo sito web che via e-mail, il cliente (il cliente che effettua l'ordine, di seguito denominato \u201cCliente\u201d) accetta le politiche del negozio descritte di seguito. Effettuando un ordine, il Cliente accetta di conformarsi completamente e volontariamente a questa politica senza obiezioni.   [...]<\/p>","protected":false},"author":1,"featured_media":0,"parent":0,"menu_order":0,"comment_status":"closed","ping_status":"closed","template":"privacy-notice.php","meta":{"_acf_changed":false,"inline_featured_image":false,"footnotes":""},"class_list":["post-278","page","type-page","status-publish","hentry"],"acf":[],"_links":{"self":[{"href":"https:\/\/www.nightmare.video\/it\/wp-json\/wp\/v2\/pages\/278","targetHints":{"allow":["GET"]}}],"collection":[{"href":"https:\/\/www.nightmare.video\/it\/wp-json\/wp\/v2\/pages"}],"about":[{"href":"https:\/\/www.nightmare.video\/it\/wp-json\/wp\/v2\/types\/page"}],"author":[{"embeddable":true,"href":"https:\/\/www.nightmare.video\/it\/wp-json\/wp\/v2\/users\/1"}],"replies":[{"embeddable":true,"href":"https:\/\/www.nightmare.video\/it\/wp-json\/wp\/v2\/comments?post=278"}],"version-history":[{"count":18,"href":"https:\/\/www.nightmare.video\/it\/wp-json\/wp\/v2\/pages\/278\/revisions"}],"predecessor-version":[{"id":456,"href":"https:\/\/www.nightmare.video\/it\/wp-json\/wp\/v2\/pages\/278\/revisions\/456"}],"wp:attachment":[{"href":"https:\/\/www.nightmare.video\/it\/wp-json\/wp\/v2\/media?parent=278"}],"curies":[{"name":"wp","href":"https:\/\/api.w.org\/{rel}","templated":true}]}}